{"id":23,"date":"2015-07-08T15:14:17","date_gmt":"2015-07-08T13:14:17","guid":{"rendered":"http:\/\/www.agenziasaccomani.it\/?page_id=23"},"modified":"2026-03-20T14:07:08","modified_gmt":"2026-03-20T13:07:08","slug":"contatti","status":"publish","type":"page","link":"https:\/\/www.agenziasaccomani.it\/de\/contatti\/","title":{"rendered":"Kontakte"},"content":{"rendered":"<p><strong>Immobiliare Saccomani<\/strong><\/p>\n<p>Raggio del Bisato, 2<br \/>\nLignano SAbbbiadoro (UD)<br \/>\nEmail\u00a0info@immobiliaresaccomani.it<br \/>\nTelefono\u00a00431-422273<br \/>\nFax\u00a00431-428488<\/p>\n<p>\n<div class=\"wpcf7 no-js\" id=\"wpcf7-f4-o3\" lang=\"it-IT\" dir=\"ltr\" data-wpcf7-id=\"4\">\n<div class=\"screen-reader-response\"><p role=\"status\" aria-live=\"polite\" aria-atomic=\"true\"><\/p> <ul><\/ul><\/div>\n<form action=\"\/de\/wp-json\/wp\/v2\/pages\/23#wpcf7-f4-o3\" method=\"post\" class=\"wpcf7-form init\" aria-label=\"Modulo di contatto\" novalidate=\"novalidate\" data-status=\"init\">\n<fieldset class=\"hidden-fields-container\"><input type=\"hidden\" name=\"_wpcf7\" value=\"4\" \/><input type=\"hidden\" name=\"_wpcf7_version\" value=\"6.1.5\" \/><input type=\"hidden\" name=\"_wpcf7_locale\" value=\"it_IT\" \/><input type=\"hidden\" name=\"_wpcf7_unit_tag\" value=\"wpcf7-f4-o3\" \/><input type=\"hidden\" name=\"_wpcf7_container_post\" value=\"0\" \/><input type=\"hidden\" name=\"_wpcf7_posted_data_hash\" value=\"\" \/>\n<\/fieldset>\n<p>Potete richiedere un appuntamento inserendo semplicemente i vostri dati nei campi di testo sottostanti. Le visite agli immobili vengono effettuate gratuitamente e non comportano alcun obbligo di acquisto da parte del cliente.\n<\/p>\n<p><span class=\"wpcf7-form-control-wrap\" data-name=\"immobile\"><input size=\"40\" maxlength=\"400\" class=\"wpcf7-form-control wpcf7-text wpcf7-validates-as-required\" aria-required=\"true\" aria-invalid=\"false\" placeholder=\"Immobile di interesse\" value=\"\" type=\"text\" name=\"immobile\" \/><\/span><br \/>\n<span class=\"wpcf7-form-control-wrap\" data-name=\"cognome\"><input size=\"40\" maxlength=\"400\" class=\"wpcf7-form-control wpcf7-text wpcf7-validates-as-required\" aria-required=\"true\" aria-invalid=\"false\" placeholder=\"Cognome\" value=\"\" type=\"text\" name=\"cognome\" \/><\/span><br \/>\n<span class=\"wpcf7-form-control-wrap\" data-name=\"nome\"><input size=\"40\" maxlength=\"400\" class=\"wpcf7-form-control wpcf7-text wpcf7-validates-as-required\" aria-required=\"true\" aria-invalid=\"false\" placeholder=\"Nome\" value=\"\" type=\"text\" name=\"nome\" \/><\/span><br \/>\n<span class=\"wpcf7-form-control-wrap\" data-name=\"telefono\"><input size=\"40\" maxlength=\"400\" class=\"wpcf7-form-control wpcf7-text wpcf7-validates-as-required\" aria-required=\"true\" aria-invalid=\"false\" placeholder=\"Telefono\" value=\"\" type=\"text\" name=\"telefono\" \/><\/span><br \/>\n<span class=\"wpcf7-form-control-wrap\" data-name=\"email\"><input size=\"40\" maxlength=\"400\" class=\"wpcf7-form-control wpcf7-email wpcf7-validates-as-required wpcf7-text wpcf7-validates-as-email\" aria-required=\"true\" aria-invalid=\"false\" placeholder=\"Email\" value=\"\" type=\"email\" name=\"email\" \/><\/span>\n<\/p>\n<p><span class=\"wpcf7-form-control-wrap\" data-name=\"messaggio\"><textarea cols=\"40\" rows=\"10\" maxlength=\"2000\" class=\"wpcf7-form-control wpcf7-textarea\" aria-invalid=\"false\" placeholder=\"Messaggio...\" name=\"messaggio\"><\/textarea><\/span>\n<\/p>\n<p><span class=\"wpcf7-form-control-wrap\" data-name=\"informativa\"><textarea cols=\"40\" rows=\"10\" maxlength=\"2000\" class=\"wpcf7-form-control wpcf7-textarea\" aria-invalid=\"false\" name=\"informativa\">In osservanza di quanto previsto dall&#039;art. 13 dal Dlgs 30 giugno 2003 n.196 &amp;quot;Codice in materia di protezione dei dati personali&amp;quot;, si informa che i dati da Lei forniti verranno utilizzati da Agenzia Immobiliare Saccomani la quale garantir\u00e0 la massima riservatezza. I dati non verranno comunicati, divulgati o ceduti a terzi e serviranno esclusivamente ad Agenzia Immobiliare Saccomani per le proprie finalit\u00e0 istituzionali, connesse o strumentali e per l&#039;invio di materiale informativo e pubblicitario dei suoi servizi. Gli indirizzi di posta elettronica forniti potranno essere utilizzati per l&#039;invio di materiale pubblicitario relativoa servizi analoghi a quelli oggetto del rapporto commerciale in essere. Il conferimento da parte Vostra dei dati per le finalit\u00e0 sopra menzionate \u00e8 facoltativo. L&#039;eventuale Vostro rifiuto di fornire i dati pu\u00f2 comportare l&#039;impedimento nella fornitura di un servizio da Voi richiesto. Lei potr\u00e0 in ogni momento avvalersi dei diritti di cui all&#039;art. 7 del Dlgs. 196\/03 e richiedere gratuitamente la consultazione, integrazione, modifica, rettifica o cancellazione dal nostro archivio elettronico e opporsi, in tutto o in parte, al trattamento previsto a fini di informazioni commerciali o di invio di materiale pubblicitario comunicandolo ad Agenzia Immobiliare Saccomani - Raggio del Bisato, 2 - 33054 Lignano Sabbbiadoro (UD) Tel. 0431-422273 - Fax. 0431-367351, e-mail: info@agenziasaccomani.it. Il sottoscritto dichiara di aver ricevuto completa informativa ai sensi dell&#039;art. 13 Dlgs 196\/03, ed esprime il consenso al trattamento e comunicazione dei propri dati nei limiti, per le finalit\u00e0 e per la durata precisati nell&#039;informativa.<\/textarea><\/span>\n<\/p>\n<p><input class=\"wpcf7-form-control wpcf7-submit has-spinner\" type=\"submit\" value=\"Invia\" \/>\n<\/p><div class=\"wpcf7-response-output\" aria-hidden=\"true\"><\/div>\n<\/form>\n<\/div>\n<!--col--><\/p>","protected":false},"excerpt":{"rendered":"<p>Immobiliare Saccomani Raggio del Bisato, 2 Lignano SAbbbiadoro (UD) Email\u00a0info@immobiliaresaccomani.it Telefono\u00a00431-422273 Fax\u00a00431-428488<\/p>\n","protected":false},"author":1,"featured_media":0,"parent":0,"menu_order":0,"comment_status":"open","ping_status":"open","template":"","meta":{"_acf_changed":false,"footnotes":""},"class_list":["post-23","page","type-page","status-publish","hentry"],"acf":[],"_links":{"self":[{"href":"https:\/\/www.agenziasaccomani.it\/de\/wp-json\/wp\/v2\/pages\/23","targetHints":{"allow":["GET"]}}],"collection":[{"href":"https:\/\/www.agenziasaccomani.it\/de\/wp-json\/wp\/v2\/pages"}],"about":[{"href":"https:\/\/www.agenziasaccomani.it\/de\/wp-json\/wp\/v2\/types\/page"}],"author":[{"embeddable":true,"href":"https:\/\/www.agenziasaccomani.it\/de\/wp-json\/wp\/v2\/users\/1"}],"replies":[{"embeddable":true,"href":"https:\/\/www.agenziasaccomani.it\/de\/wp-json\/wp\/v2\/comments?post=23"}],"version-history":[{"count":19,"href":"https:\/\/www.agenziasaccomani.it\/de\/wp-json\/wp\/v2\/pages\/23\/revisions"}],"predecessor-version":[{"id":6982,"href":"https:\/\/www.agenziasaccomani.it\/de\/wp-json\/wp\/v2\/pages\/23\/revisions\/6982"}],"wp:attachment":[{"href":"https:\/\/www.agenziasaccomani.it\/de\/wp-json\/wp\/v2\/media?parent=23"}],"curies":[{"name":"wp","href":"https:\/\/api.w.org\/{rel}","templated":true}]}}